{"id":5,"date":"2015-05-07T06:45:22","date_gmt":"2015-05-07T04:45:22","guid":{"rendered":"http:\/\/jircs.zeus.umh.es\/presentacion\/"},"modified":"2017-12-10T11:22:27","modified_gmt":"2017-12-10T10:22:27","slug":"presentacion","status":"publish","type":"page","link":"https:\/\/jircs.umh.es\/ca\/","title":{"rendered":"Inici"},"content":{"rendered":"<p><\/p>\n<div>\n<p>Desde sus inicios en el siglo XVIII las revistas cient\u00edficas, han ido consolid\u00e1ndose como el veh\u00edculo de comunicaci\u00f3n cient\u00edfica m\u00e1s \u00e1gil y eficaz a la hora de difundir el conocimiento cient\u00edfico. Durante la segunda mitad del siglo XX, estas caracter\u00edsticas, junto con los par\u00e1metros en los que se ha instalado la actividad social que llamamos ciencia, han hecho de la revistas el elemento esencial de la comunicaci\u00f3n cient\u00edfica. Publicar es hoy, no solo un modo de decir lo que se hace y lo que se sabe, tambi\u00e9n y, a veces, sobre todo, un modo de obtener la financiaci\u00f3n y el curriculum para poder seguir haciendo y sabiendo. El famoso publica o perece ha modificado de manera importante el modo de concebir la publicaci\u00f3n cient\u00edfica. Esta realidad resulta especialmente importante en el \u00e1mbito de las Ciencias de la Salud, concebidas en un sentido amplio, pues las revistas dedicadas, directa o indirectamente, con la salud y la enfermedad son, en su conjunto, el \u00e1mbito de publicaci\u00f3n m\u00e1s relevante. Muchos retos y oportunidades, tambi\u00e9n peligros, tienen hoy d\u00eda las revistas biom\u00e9dicas. Entre ellos hay aspectos cruciales que van desde la su elaboraci\u00f3n, edici\u00f3n y comercializaci\u00f3n, al acceso de la revistas, pasando por la valoraci\u00f3n de la calidad de las mismas. Son temas tratados, a nivel general, en otros encuentros, o desde perspectivas m\u00e1s centradas en el \u00e1mbito bibliotecario. La especificidad de estas jornadas, que tienen vocaci\u00f3n de continuidad, es el \u00e9nfasis en la edici\u00f3n.<\/p>\n<p>El objetivo fundamental de la jornadas es, por tanto, analizar los problemas que supone, hoy d\u00eda, editar revistas en ciencias de la salud teniendo en cuenta aspectos relacionados con la producci\u00f3n, difusi\u00f3n (tanto comercial como en Open Access) y consumo de las mismas.<\/p>\n<\/div>\n<p><\/p>","protected":false},"excerpt":{"rendered":"<p>P\u00e1gina de presentaci\u00f3n de la unidad organizativa<\/p>\n","protected":false},"author":1,"featured_media":0,"parent":0,"menu_order":0,"comment_status":"closed","ping_status":"closed","template":"","meta":{"ngg_post_thumbnail":0,"_links_to":"","_links_to_target":""},"_links":{"self":[{"href":"https:\/\/jircs.umh.es\/ca\/wp-json\/wp\/v2\/pages\/5"}],"collection":[{"href":"https:\/\/jircs.umh.es\/ca\/wp-json\/wp\/v2\/pages"}],"about":[{"href":"https:\/\/jircs.umh.es\/ca\/wp-json\/wp\/v2\/types\/page"}],"author":[{"embeddable":true,"href":"https:\/\/jircs.umh.es\/ca\/wp-json\/wp\/v2\/users\/1"}],"replies":[{"embeddable":true,"href":"https:\/\/jircs.umh.es\/ca\/wp-json\/wp\/v2\/comments?post=5"}],"version-history":[{"count":0,"href":"https:\/\/jircs.umh.es\/ca\/wp-json\/wp\/v2\/pages\/5\/revisions"}],"wp:attachment":[{"href":"https:\/\/jircs.umh.es\/ca\/wp-json\/wp\/v2\/media?parent=5"}],"curies":[{"name":"wp","href":"https:\/\/api.w.org\/{rel}","templated":true}]}}